{"id":8,"date":"2018-07-20T16:27:18","date_gmt":"2018-07-20T16:27:18","guid":{"rendered":"http:\/\/www.lagottospeak.com\/?page_id=8"},"modified":"2023-07-19T12:28:05","modified_gmt":"2023-07-19T12:28:05","slug":"o-nama","status":"publish","type":"page","link":"https:\/\/www.lagottospeak.com\/de\/o-nama\/","title":{"rendered":"\u00dcber uns"},"content":{"rendered":"<p style=\"text-align: justify;\">Wie endete eine Familie aus Zagreb in West-Zumberak?<\/p>\n<p>Es begann alles im Jahr 2010 bei unserem Strandurlaub als wir zuf\u00e4llig auf die wundervolle Rasse stie\u00dfen und uns auf den ersten Blick verliebten. Die Dame, die uns mit ihrem Lagotto bekannt machte, wurde schnell zu einer engen Freundin der Familie und in unser Haus zog Ria, eine schneewei\u00dfe Lagotto H\u00fcndin ein mit einer wundervollen freundlichen Pers\u00f6nlichkeit\u00a0 und gewann unsere Herzen. Ria lernte sehr schnell und wir waren von Ihrer Auffassungsgabe von Tag zu Tag faszinierter. Ein Hund mit einer menschlichen Pers\u00f6nlichkeit, ohne Geruch, mit anti-allergischem Fell, das nicht haart, war einfach perfekt f\u00fcr ein Leben in der Stadt.<\/p>\n<p>In dieser Zeit hatten wir ein Wochenendhaus in Zumberak, wo wir immer, wenn wir Zeit hatten, hingefahren sind. Obwohl wir wussten, dass Lagotto&#8217;s hervorragende Tr\u00fcffelsuchhunde sind und Ria auch beigebracht bekommen hat, wie man Tr\u00fcffel sucht, haben wir nie geplant uns ernsthaft damit zu besch\u00e4ftigen. Eines Tages, als wir im Wald spazierten rannte Ria davon und begann wild zu buddeln. Als sie zur\u00fcckkam, brachte sie uns einen walnussgro\u00dfen Tr\u00fcffel. Sie wedelte mit dem Schwanz und legte den Tr\u00fcffel vor unsere F\u00fc\u00dfe. Am selben Tag gingen wir erneut an diese Stelle und Ria fand zwei weitere Tr\u00fcffel. Ein aufregendes Spiel, das Hund und Mensch gemeinsam genie\u00dfen wurde von Mal zu Mal interessanter.<\/p>\n<p>In 2013 entschlossen wir uns dazu einen Wurf zu haben und uns einen Kindheitstraum zu erf\u00fcllen und um zu sehen, wie es ist, so viele Welpen auf einmal zu haben. Wir waren vollkommen verliebt in die Welpen und entschlossen uns dazu, ein Weibchen zu behalten, damit Ria nicht alleine war. Zum Schluss behielten wir doch ein Weibchen und ein M\u00e4nnchen.<\/p>\n<p>Vollkommen verr\u00fcckt nach den Welpen haben wir uns zu einem gro\u00dfen Schritt entschlossen und sind in unser Haus in Zumberak gezogen. Der untere Teil des Hauses wurde zu unserem zu Hause und der obere Teil wurde zum Guesthouse mit zwei Zimmern. Heute haben wir acht Lagotto&#8217;s und unsere kleine Zucht geh\u00f6rt der gro\u00dfen FCI Familie an. Wir genie\u00dfen die Zeit, die wir mit den Lagotto&#8217;s und unseren G\u00e4sten verbringen d\u00fcrfen sowie das Leben in unber\u00fchrter Natur, wovon wir immer getr\u00e4umt haben. Die Rasse Lagotto Romagnolo hat unsere Welt komplett ver\u00e4ndert und wir hoffen, dass Ihr Lagotto auch Ihr Leben ver\u00e4ndern wird!<\/p>\n","protected":false},"excerpt":{"rendered":"<p>Wie endete eine Familie aus Zagreb in West-Zumberak? Es begann alles im Jahr 2010 bei unserem Strandurlaub als wir zuf\u00e4llig [&hellip;]<\/p>\n","protected":false},"author":3,"featured_media":0,"parent":0,"menu_order":0,"comment_status":"closed","ping_status":"closed","template":"","meta":{"_exactmetrics_skip_tracking":false,"_exactmetrics_sitenote_active":false,"_exactmetrics_sitenote_note":"","_exactmetrics_sitenote_category":0,"footnotes":""},"class_list":["post-8","page","type-page","status-publish","hentry"],"_links":{"self":[{"href":"https:\/\/www.lagottospeak.com\/de\/wp-json\/wp\/v2\/pages\/8","targetHints":{"allow":["GET"]}}],"collection":[{"href":"https:\/\/www.lagottospeak.com\/de\/wp-json\/wp\/v2\/pages"}],"about":[{"href":"https:\/\/www.lagottospeak.com\/de\/wp-json\/wp\/v2\/types\/page"}],"author":[{"embeddable":true,"href":"https:\/\/www.lagottospeak.com\/de\/wp-json\/wp\/v2\/users\/3"}],"replies":[{"embeddable":true,"href":"https:\/\/www.lagottospeak.com\/de\/wp-json\/wp\/v2\/comments?post=8"}],"version-history":[{"count":16,"href":"https:\/\/www.lagottospeak.com\/de\/wp-json\/wp\/v2\/pages\/8\/revisions"}],"predecessor-version":[{"id":961,"href":"https:\/\/www.lagottospeak.com\/de\/wp-json\/wp\/v2\/pages\/8\/revisions\/961"}],"wp:attachment":[{"href":"https:\/\/www.lagottospeak.com\/de\/wp-json\/wp\/v2\/media?parent=8"}],"curies":[{"name":"wp","href":"https:\/\/api.w.org\/{rel}","templated":true}]}}